{"id":78,"date":"2017-12-12T11:24:21","date_gmt":"2017-12-12T15:24:21","guid":{"rendered":"http:\/\/ayuntamiento.guineo\/transparencia\/?page_id=78"},"modified":"2021-11-03T11:26:45","modified_gmt":"2021-11-03T15:26:45","slug":"definicion-oaim-oficina-de-acceso-a-la-informacion-municipal","status":"publish","type":"page","link":"https:\/\/juntadistritalelcarreton.gob.do\/transparencia\/definicion-oaim-oficina-de-acceso-a-la-informacion-municipal\/","title":{"rendered":"Definici\u00f3n OAIM (Oficina de Acceso a la Informaci\u00f3n Municipal)"},"content":{"rendered":"<h2>Definici\u00f3n OAI (Oficina de Acceso a la Informaci\u00f3n)<\/h2>\n<p>La Oficina de Acceso a la Informaci\u00f3n (OAI), es un mandato de la Ley General de Libre Acceso a la Informaci\u00f3n P\u00fablica Ley 200-04 y el Decreto No. 130-05 que crea el reglamento de dicha ley, con el objetivo de apoyar a entidades y personas tanto p\u00fablicas como privadas mediante las informaciones solicitadas.<\/p>\n<h1>Visi\u00f3n<\/h1>\n<p>Dar sost\u00e9n a los valores de honestidad, integridad, eficiencia, eficacia, calidad y trabajo en equipo de la Junta de Distrito Municipal el Carret\u00f3n, apoyando as\u00ed los esfuerzos de transparencia institucional.<\/p>\n<h1>Misi\u00f3n<\/h1>\n<p>Garantizar el acceso de los usuarios a la informaci\u00f3n sobre la gesti\u00f3n administrativa de la Junta de Distrito Municipal el Carret\u00f3n como una forma de validar la transparencia de la instituci\u00f3n.<\/p>\n<h1>Definici\u00f3n RAI<\/h1>\n<p>El representante de Acceso a la Informaci\u00f3n, es el responsable de tramitar y facilitar las informaciones requeridas y de ser el canal de comunicaci\u00f3n entre la instituci\u00f3n, ciudadanos y ciudadanas.<\/p>\n<h1>Informaci\u00f3n Clasificada<\/h1>\n<p>Ver los documentos relacionados<\/p>\n<p>Proceso de Solicitud de Informaci\u00f3n:<\/p>\n<ol>\n<li>Completar el formulario de solicitud de informaci\u00f3n.<\/li>\n<li>Se procede a la revisi\u00f3n de dicho documento con la finalidad de verificar que est\u00e1 debidamente completada(o).<\/li>\n<li>Se hace entrega de acuse de recibo al solicitante.<\/li>\n<li>Seg\u00fan la complejidad de la informaci\u00f3n, se asigna una fecha de entrega. En caso de no ser la Junta de Distrito Municipal el Carret\u00f3n la entidad competente para ofrecer la informaci\u00f3n requerida, dicha solicitud se refiere a la instituci\u00f3n correspondiente y se le informa al solicitante, el curso que ha tomado su solicitud y la instituci\u00f3n destinataria.<\/li>\n<li>Seguimiento de la(s) solicitud(es) hasta confirmar que se ha suministrado la informaci\u00f3n.<\/li>\n<\/ol>\n<p><strong>Contacto Responsable de Acceso a la Informaci\u00f3n<\/strong><\/p>\n<p>EMAIL:\u00a0 oaicarreton2016@gmail.com<\/p>\n<p>&nbsp;<\/p>\n<p>Cel. 829 641 67 93<\/p>\n<p>Cel. 809 519 8294<\/p>\n","protected":false},"excerpt":{"rendered":"Definici\u00f3n OAI (Oficina de Acceso a la Informaci\u00f3n) La Oficina de Acceso a la Informaci\u00f3n (OAI), es un mandato de la Ley General de Libre Acceso a la Informaci\u00f3n P\u00fablica Ley 200-04 y el Decreto No. 130-05 que crea el reglamento de dicha ley, con el objetivo de apoyar a entidades y personas tanto p\u00fablicas&#8230;","protected":false},"author":1,"featured_media":0,"parent":0,"menu_order":0,"comment_status":"closed","ping_status":"closed","template":"","meta":[],"_links":{"self":[{"href":"https:\/\/juntadistritalelcarreton.gob.do\/transparencia\/wp-json\/wp\/v2\/pages\/78"}],"collection":[{"href":"https:\/\/juntadistritalelcarreton.gob.do\/transparencia\/wp-json\/wp\/v2\/pages"}],"about":[{"href":"https:\/\/juntadistritalelcarreton.gob.do\/transparencia\/wp-json\/wp\/v2\/types\/page"}],"author":[{"embeddable":true,"href":"https:\/\/juntadistritalelcarreton.gob.do\/transparencia\/wp-json\/wp\/v2\/users\/1"}],"replies":[{"embeddable":true,"href":"https:\/\/juntadistritalelcarreton.gob.do\/transparencia\/wp-json\/wp\/v2\/comments?post=78"}],"version-history":[{"count":6,"href":"https:\/\/juntadistritalelcarreton.gob.do\/transparencia\/wp-json\/wp\/v2\/pages\/78\/revisions"}],"predecessor-version":[{"id":505,"href":"https:\/\/juntadistritalelcarreton.gob.do\/transparencia\/wp-json\/wp\/v2\/pages\/78\/revisions\/505"}],"wp:attachment":[{"href":"https:\/\/juntadistritalelcarreton.gob.do\/transparencia\/wp-json\/wp\/v2\/media?parent=78"}],"curies":[{"name":"wp","href":"https:\/\/api.w.org\/{rel}","templated":true}]}}